{"id":474,"date":"2025-02-04T11:57:29","date_gmt":"2025-02-04T11:57:29","guid":{"rendered":"https:\/\/www.hispanicadelimpieza.es\/?page_id=474"},"modified":"2025-02-04T12:09:43","modified_gmt":"2025-02-04T12:09:43","slug":"noticias","status":"publish","type":"page","link":"https:\/\/www.hispanicadelimpieza.es\/index.php\/noticias\/","title":{"rendered":"NOTICIAS"},"content":{"rendered":"\t\t<div data-elementor-type=\"wp-page\" data-elementor-id=\"474\" class=\"elementor elementor-474\">\n\t\t\t\t\t\t<section class=\"elementor-section elementor-top-section elementor-element elementor-element-6114e4f elementor-section-boxed elementor-section-height-default elementor-section-height-default\" data-id=\"6114e4f\" data-element_type=\"section\" data-settings=\"{&quot;background_background&quot;:&quot;classic&quot;}\">\n\t\t\t\t\t\t<div class=\"elementor-container elementor-column-gap-default\">\n\t\t\t\t\t<div class=\"elementor-column elementor-col-100 elementor-top-column elementor-element elementor-element-e62201e\" data-id=\"e62201e\" data-element_type=\"column\">\n\t\t\t<div class=\"elementor-widget-wrap elementor-element-populated\">\n\t\t\t\t\t\t<div class=\"elementor-element elementor-element-fa1973d elementor-widget elementor-widget-heading\" data-id=\"fa1973d\" data-element_type=\"widget\" data-widget_type=\"heading.default\">\n\t\t\t\t<div class=\"elementor-widget-container\">\n\t\t\t\t\t<h3 class=\"elementor-heading-title elementor-size-default\">NOTICIAS<\/h3>\t\t\t\t<\/div>\n\t\t\t\t<\/div>\n\t\t\t\t<div class=\"elementor-element elementor-element-3da30f6 elementor-grid-eael-col-4 elementor-grid-tablet-eael-col-2 elementor-grid-mobile-eael-col-1 elementor-widget elementor-widget-eael-post-grid\" data-id=\"3da30f6\" data-element_type=\"widget\" data-settings=\"{&quot;eael_post_grid_columns&quot;:&quot;eael-col-4&quot;,&quot;eael_post_grid_columns_tablet&quot;:&quot;eael-col-2&quot;,&quot;eael_post_grid_columns_mobile&quot;:&quot;eael-col-1&quot;}\" data-widget_type=\"eael-post-grid.default\">\n\t\t\t\t<div class=\"elementor-widget-container\">\n\t\t\t\t\t<div id=\"eael-post-grid-3da30f6\" class=\"eael-post-grid-container\">\n            <div class=\"eael-post-grid eael-post-appender eael-post-appender-3da30f6 eael-post-grid-style-one\" data-layout-mode=\"masonry\"><article class=\"eael-grid-post eael-post-grid-column\" data-id=\"877\">\n        <div class=\"eael-grid-post-holder\">\n            <div class=\"eael-grid-post-holder-inner\"><div class=\"eael-entry-media\"><div class=\"eael-entry-overlay fade-in\"><i class=\"fas fa-long-arrow-alt-right\" aria-hidden=\"true\"><\/i><a href=\"https:\/\/www.hispanicadelimpieza.es\/index.php\/2025\/05\/19\/08-10-2024-adjudicacion-del-servicio-de-limpieza-de-los-centros-de-trabajo-que-gestiona-axaragua-por-49-79312-euros\/\"><\/a><\/div><div class=\"eael-entry-thumbnail \">\n                <img decoding=\"async\" width=\"110\" height=\"110\" src=\"https:\/\/www.hispanicadelimpieza.es\/wp-content\/uploads\/2025\/05\/axaragua-logo2-e1747661361225.png\" class=\"attachment-medium size-medium wp-image-878\" alt=\"\" style=\"width:100%;height:100%;max-width:110px\" \/>\n            <\/div>\n        <\/div><div class=\"eael-entry-wrapper\"><header class=\"eael-entry-header\"><h2 class=\"eael-entry-title\"><a class=\"eael-grid-post-link\" href=\"https:\/\/www.hispanicadelimpieza.es\/index.php\/2025\/05\/19\/08-10-2024-adjudicacion-del-servicio-de-limpieza-de-los-centros-de-trabajo-que-gestiona-axaragua-por-49-79312-euros\/\" title=\"08\/10\/2024 &#8211; Adjudicaci\u00f3n del servicio de limpieza de los centros de trabajo que gestiona Axaragua por 49.793,12 euros.\">08\/10\/2024 &#8211; Adjudicaci\u00f3n del servicio de limpieza de los centros de trabajo que gestiona Axaragua por 49.793,12 euros.<\/a><\/h2><\/header><div class=\"eael-entry-content\">\n                        <div class=\"eael-grid-post-excerpt\"><p>08\/10\/2024 Adjudicaci\u00f3n del servicio de limpieza de los centros de...<\/p><a href=\"https:\/\/www.hispanicadelimpieza.es\/index.php\/2025\/05\/19\/08-10-2024-adjudicacion-del-servicio-de-limpieza-de-los-centros-de-trabajo-que-gestiona-axaragua-por-49-79312-euros\/\" class=\"eael-post-elements-readmore-btn\">Read More<\/a><\/div>\n                    <\/div><div class=\"eael-entry-footer\"><div class=\"eael-author-avatar\"><a href=\"https:\/\/www.hispanicadelimpieza.es\/index.php\/author\/administrador\/\"><img alt='administrador' src='https:\/\/secure.gravatar.com\/avatar\/be2bf962402ed24eabe96bf948fdc814904c69ad98466d792fb0b4a2b19d5abd?s=96&#038;d=mm&#038;r=g' srcset='https:\/\/secure.gravatar.com\/avatar\/be2bf962402ed24eabe96bf948fdc814904c69ad98466d792fb0b4a2b19d5abd?s=192&#038;d=mm&#038;r=g 2x' class='avatar avatar-96 photo' height='96' width='96' \/><\/a><\/div><div class=\"eael-entry-meta\"><span class=\"eael-posted-by\"><a href=\"https:\/\/www.hispanicadelimpieza.es\/index.php\/author\/administrador\/\" title=\"Entradas de administrador\" rel=\"author\">administrador<\/a><\/span><span class=\"eael-posted-on\"><time datetime=\"19 de mayo de 2025\">19 de mayo de 2025<\/time><\/span><\/div><\/div><\/div><\/div>\n        <\/div>\n    <\/article><article class=\"eael-grid-post eael-post-grid-column\" data-id=\"562\">\n        <div class=\"eael-grid-post-holder\">\n            <div class=\"eael-grid-post-holder-inner\"><div class=\"eael-entry-media\"><div class=\"eael-entry-overlay fade-in\"><i class=\"fas fa-long-arrow-alt-right\" aria-hidden=\"true\"><\/i><a href=\"https:\/\/www.hispanicadelimpieza.es\/index.php\/2025\/05\/19\/07-10-24-adjudicacion-de-los-servicios-de-limpieza-para-la-diputacion-provincial-de-jaen-y-sus-organismos-autonomos\/\"><\/a><\/div><div class=\"eael-entry-thumbnail \">\n                <img decoding=\"async\" width=\"138\" height=\"110\" src=\"https:\/\/www.hispanicadelimpieza.es\/wp-content\/uploads\/2025\/05\/Logo-dipu-jaen.jpg\" class=\"attachment-medium size-medium wp-image-549\" alt=\"\" style=\"width:100%;height:79.71%;max-width:138px\" \/>\n            <\/div>\n        <\/div><div class=\"eael-entry-wrapper\"><header class=\"eael-entry-header\"><h2 class=\"eael-entry-title\"><a class=\"eael-grid-post-link\" href=\"https:\/\/www.hispanicadelimpieza.es\/index.php\/2025\/05\/19\/07-10-24-adjudicacion-de-los-servicios-de-limpieza-para-la-diputacion-provincial-de-jaen-y-sus-organismos-autonomos\/\" title=\"07\/10\/2024 &#8211; Adjudicaci\u00f3n de los servicios de limpieza para la Diputaci\u00f3n Provincial de Ja\u00e9n y sus Organismos Aut\u00f3nomos por 5,8 millones de euros.\">07\/10\/2024 &#8211; Adjudicaci\u00f3n de los servicios de limpieza para la Diputaci\u00f3n Provincial de Ja\u00e9n y sus Organismos Aut\u00f3nomos por 5,8 millones de euros.<\/a><\/h2><\/header><div class=\"eael-entry-content\">\n                        <div class=\"eael-grid-post-excerpt\"><p>07\/10\/2024 Adjudicaci\u00f3n de los servicios de limpieza para la Diputaci\u00f3n...<\/p><a href=\"https:\/\/www.hispanicadelimpieza.es\/index.php\/2025\/05\/19\/07-10-24-adjudicacion-de-los-servicios-de-limpieza-para-la-diputacion-provincial-de-jaen-y-sus-organismos-autonomos\/\" class=\"eael-post-elements-readmore-btn\">Read More<\/a><\/div>\n                    <\/div><div class=\"eael-entry-footer\"><div class=\"eael-author-avatar\"><a href=\"https:\/\/www.hispanicadelimpieza.es\/index.php\/author\/administrador\/\"><img alt='administrador' src='https:\/\/secure.gravatar.com\/avatar\/be2bf962402ed24eabe96bf948fdc814904c69ad98466d792fb0b4a2b19d5abd?s=96&#038;d=mm&#038;r=g' srcset='https:\/\/secure.gravatar.com\/avatar\/be2bf962402ed24eabe96bf948fdc814904c69ad98466d792fb0b4a2b19d5abd?s=192&#038;d=mm&#038;r=g 2x' class='avatar avatar-96 photo' height='96' width='96' \/><\/a><\/div><div class=\"eael-entry-meta\"><span class=\"eael-posted-by\"><a href=\"https:\/\/www.hispanicadelimpieza.es\/index.php\/author\/administrador\/\" title=\"Entradas de administrador\" rel=\"author\">administrador<\/a><\/span><span class=\"eael-posted-on\"><time datetime=\"19 de mayo de 2025\">19 de mayo de 2025<\/time><\/span><\/div><\/div><\/div><\/div>\n        <\/div>\n    <\/article><\/div>\n            <div class=\"clearfix\"><\/div>\n        <\/div>\t\t\t\t<\/div>\n\t\t\t\t<\/div>\n\t\t\t\t<div class=\"elementor-element elementor-element-c872cba elementor-widget elementor-widget-spacer\" data-id=\"c872cba\" data-element_type=\"widget\" data-widget_type=\"spacer.default\">\n\t\t\t\t<div class=\"elementor-widget-container\">\n\t\t\t\t\t\t\t<div class=\"elementor-spacer\">\n\t\t\t<div class=\"elementor-spacer-inner\"><\/div>\n\t\t<\/div>\n\t\t\t\t\t\t<\/div>\n\t\t\t\t<\/div>\n\t\t\t\t\t<\/div>\n\t\t<\/div>\n\t\t\t\t\t<\/div>\n\t\t<\/section>\n\t\t\t\t<\/div>\n\t\t","protected":false},"excerpt":{"rendered":"<p>NOTICIAS No posts found!<\/p>\n","protected":false},"author":1,"featured_media":0,"parent":0,"menu_order":0,"comment_status":"closed","ping_status":"closed","template":"elementor_header_footer","meta":{"footnotes":""},"class_list":["post-474","page","type-page","status-publish","hentry","entry"],"yoast_head":"<!-- This site is optimized with the Yoast SEO plugin v25.4 - https:\/\/yoast.com\/wordpress\/plugins\/seo\/ -->\n<title>NOTICIAS - Hispanica de Limpieza S.A.<\/title>\n<meta name=\"description\" content=\"Aqu\u00ed mostramos todas las noticias de hispanica de limpieza...\" \/>\n<meta name=\"robots\" content=\"index, follow, max-snippet:-1, max-image-preview:large, max-video-preview:-1\" \/>\n<link rel=\"canonical\" href=\"https:\/\/www.hispanicadelimpieza.es\/index.php\/noticias\/\" \/>\n<meta property=\"og:locale\" content=\"es_ES\" \/>\n<meta property=\"og:type\" content=\"article\" \/>\n<meta property=\"og:title\" content=\"NOTICIAS - Hispanica de Limpieza S.A.\" \/>\n<meta property=\"og:description\" content=\"Aqu\u00ed mostramos todas las noticias de hispanica de limpieza...\" \/>\n<meta property=\"og:url\" content=\"https:\/\/www.hispanicadelimpieza.es\/index.php\/noticias\/\" \/>\n<meta property=\"og:site_name\" content=\"Hispanica de Limpieza S.A.\" \/>\n<meta property=\"article:modified_time\" content=\"2025-02-04T12:09:43+00:00\" \/>\n<meta name=\"twitter:card\" content=\"summary_large_image\" \/>\n<meta name=\"twitter:label1\" content=\"Tiempo de lectura\" \/>\n\t<meta name=\"twitter:data1\" content=\"1 minuto\" \/>\n<script type=\"application\/ld+json\" class=\"yoast-schema-graph\">{\"@context\":\"https:\/\/schema.org\",\"@graph\":[{\"@type\":\"WebPage\",\"@id\":\"https:\/\/www.hispanicadelimpieza.es\/index.php\/noticias\/\",\"url\":\"https:\/\/www.hispanicadelimpieza.es\/index.php\/noticias\/\",\"name\":\"NOTICIAS - Hispanica de Limpieza S.A.\",\"isPartOf\":{\"@id\":\"https:\/\/www.hispanicadelimpieza.es\/#website\"},\"datePublished\":\"2025-02-04T11:57:29+00:00\",\"dateModified\":\"2025-02-04T12:09:43+00:00\",\"description\":\"Aqu\u00ed mostramos todas las noticias de hispanica de limpieza...\",\"breadcrumb\":{\"@id\":\"https:\/\/www.hispanicadelimpieza.es\/index.php\/noticias\/#breadcrumb\"},\"inLanguage\":\"es\",\"potentialAction\":[{\"@type\":\"ReadAction\",\"target\":[\"https:\/\/www.hispanicadelimpieza.es\/index.php\/noticias\/\"]}]},{\"@type\":\"BreadcrumbList\",\"@id\":\"https:\/\/www.hispanicadelimpieza.es\/index.php\/noticias\/#breadcrumb\",\"itemListElement\":[{\"@type\":\"ListItem\",\"position\":1,\"name\":\"Portada\",\"item\":\"https:\/\/www.hispanicadelimpieza.es\/\"},{\"@type\":\"ListItem\",\"position\":2,\"name\":\"NOTICIAS\"}]},{\"@type\":\"WebSite\",\"@id\":\"https:\/\/www.hispanicadelimpieza.es\/#website\",\"url\":\"https:\/\/www.hispanicadelimpieza.es\/\",\"name\":\"Hispanica de Limpieza S.A.\",\"description\":\"\",\"potentialAction\":[{\"@type\":\"SearchAction\",\"target\":{\"@type\":\"EntryPoint\",\"urlTemplate\":\"https:\/\/www.hispanicadelimpieza.es\/?s={search_term_string}\"},\"query-input\":{\"@type\":\"PropertyValueSpecification\",\"valueRequired\":true,\"valueName\":\"search_term_string\"}}],\"inLanguage\":\"es\"}]}<\/script>\n<!-- \/ Yoast SEO plugin. -->","yoast_head_json":{"title":"NOTICIAS - Hispanica de Limpieza S.A.","description":"Aqu\u00ed mostramos todas las noticias de hispanica de limpieza...","robots":{"index":"index","follow":"follow","max-snippet":"max-snippet:-1","max-image-preview":"max-image-preview:large","max-video-preview":"max-video-preview:-1"},"canonical":"https:\/\/www.hispanicadelimpieza.es\/index.php\/noticias\/","og_locale":"es_ES","og_type":"article","og_title":"NOTICIAS - Hispanica de Limpieza S.A.","og_description":"Aqu\u00ed mostramos todas las noticias de hispanica de limpieza...","og_url":"https:\/\/www.hispanicadelimpieza.es\/index.php\/noticias\/","og_site_name":"Hispanica de Limpieza S.A.","article_modified_time":"2025-02-04T12:09:43+00:00","twitter_card":"summary_large_image","twitter_misc":{"Tiempo de lectura":"1 minuto"},"schema":{"@context":"https:\/\/schema.org","@graph":[{"@type":"WebPage","@id":"https:\/\/www.hispanicadelimpieza.es\/index.php\/noticias\/","url":"https:\/\/www.hispanicadelimpieza.es\/index.php\/noticias\/","name":"NOTICIAS - Hispanica de Limpieza S.A.","isPartOf":{"@id":"https:\/\/www.hispanicadelimpieza.es\/#website"},"datePublished":"2025-02-04T11:57:29+00:00","dateModified":"2025-02-04T12:09:43+00:00","description":"Aqu\u00ed mostramos todas las noticias de hispanica de limpieza...","breadcrumb":{"@id":"https:\/\/www.hispanicadelimpieza.es\/index.php\/noticias\/#breadcrumb"},"inLanguage":"es","potentialAction":[{"@type":"ReadAction","target":["https:\/\/www.hispanicadelimpieza.es\/index.php\/noticias\/"]}]},{"@type":"BreadcrumbList","@id":"https:\/\/www.hispanicadelimpieza.es\/index.php\/noticias\/#breadcrumb","itemListElement":[{"@type":"ListItem","position":1,"name":"Portada","item":"https:\/\/www.hispanicadelimpieza.es\/"},{"@type":"ListItem","position":2,"name":"NOTICIAS"}]},{"@type":"WebSite","@id":"https:\/\/www.hispanicadelimpieza.es\/#website","url":"https:\/\/www.hispanicadelimpieza.es\/","name":"Hispanica de Limpieza S.A.","description":"","potentialAction":[{"@type":"SearchAction","target":{"@type":"EntryPoint","urlTemplate":"https:\/\/www.hispanicadelimpieza.es\/?s={search_term_string}"},"query-input":{"@type":"PropertyValueSpecification","valueRequired":true,"valueName":"search_term_string"}}],"inLanguage":"es"}]}},"_links":{"self":[{"href":"https:\/\/www.hispanicadelimpieza.es\/index.php\/wp-json\/wp\/v2\/pages\/474","targetHints":{"allow":["GET"]}}],"collection":[{"href":"https:\/\/www.hispanicadelimpieza.es\/index.php\/wp-json\/wp\/v2\/pages"}],"about":[{"href":"https:\/\/www.hispanicadelimpieza.es\/index.php\/wp-json\/wp\/v2\/types\/page"}],"author":[{"embeddable":true,"href":"https:\/\/www.hispanicadelimpieza.es\/index.php\/wp-json\/wp\/v2\/users\/1"}],"replies":[{"embeddable":true,"href":"https:\/\/www.hispanicadelimpieza.es\/index.php\/wp-json\/wp\/v2\/comments?post=474"}],"version-history":[{"count":0,"href":"https:\/\/www.hispanicadelimpieza.es\/index.php\/wp-json\/wp\/v2\/pages\/474\/revisions"}],"wp:attachment":[{"href":"https:\/\/www.hispanicadelimpieza.es\/index.php\/wp-json\/wp\/v2\/media?parent=474"}],"curies":[{"name":"wp","href":"https:\/\/api.w.org\/{rel}","templated":true}]}}