{"id":28,"date":"2023-02-15T10:20:27","date_gmt":"2023-02-15T10:20:27","guid":{"rendered":"http:\/\/www.hispanicadelimpieza.es\/?page_id=28"},"modified":"2023-03-07T11:29:13","modified_gmt":"2023-03-07T11:29:13","slug":"contacto","status":"publish","type":"page","link":"https:\/\/www.hispanicadelimpieza.es\/index.php\/contacto\/","title":{"rendered":"CONTACTO"},"content":{"rendered":"\t\t<div data-elementor-type=\"wp-page\" data-elementor-id=\"28\" class=\"elementor elementor-28\">\n\t\t\t\t\t\t<section class=\"elementor-section elementor-top-section elementor-element elementor-element-1159331 elementor-section-boxed elementor-section-height-default elementor-section-height-default\" data-id=\"1159331\" data-element_type=\"section\">\n\t\t\t\t\t\t<div class=\"elementor-container elementor-column-gap-no\">\n\t\t\t\t\t<div class=\"elementor-column elementor-col-100 elementor-top-column elementor-element elementor-element-e924746\" data-id=\"e924746\" data-element_type=\"column\" data-settings=\"{&quot;background_background&quot;:&quot;classic&quot;}\">\n\t\t\t<div class=\"elementor-widget-wrap elementor-element-populated\">\n\t\t\t\t\t\t<div class=\"elementor-element elementor-element-0e3020e elementor-invisible elementor-widget elementor-widget-image\" data-id=\"0e3020e\" data-element_type=\"widget\" data-settings=\"{&quot;_animation&quot;:&quot;fadeInDown&quot;}\" data-widget_type=\"image.default\">\n\t\t\t\t<div class=\"elementor-widget-container\">\n\t\t\t\t\t\t\t\t\t\t\t\t\t\t\t<img fetchpriority=\"high\" decoding=\"async\" width=\"1273\" height=\"728\" src=\"https:\/\/www.hispanicadelimpieza.es\/wp-content\/uploads\/2023\/02\/contacto.jpg\" class=\"attachment-full size-full wp-image-46\" alt=\"\" srcset=\"https:\/\/www.hispanicadelimpieza.es\/wp-content\/uploads\/2023\/02\/contacto.jpg 1273w, https:\/\/www.hispanicadelimpieza.es\/wp-content\/uploads\/2023\/02\/contacto-300x172.jpg 300w, https:\/\/www.hispanicadelimpieza.es\/wp-content\/uploads\/2023\/02\/contacto-1024x586.jpg 1024w, https:\/\/www.hispanicadelimpieza.es\/wp-content\/uploads\/2023\/02\/contacto-768x439.jpg 768w\" sizes=\"(max-width: 1273px) 100vw, 1273px\" style=\"width:100%;height:57.19%;max-width:1273px\" \/>\t\t\t\t\t\t\t\t\t\t\t\t\t\t\t<\/div>\n\t\t\t\t<\/div>\n\t\t\t\t<div class=\"elementor-element elementor-element-5c8644f elementor-widget elementor-widget-heading\" data-id=\"5c8644f\" data-element_type=\"widget\" data-widget_type=\"heading.default\">\n\t\t\t\t<div class=\"elementor-widget-container\">\n\t\t\t\t\t<h3 class=\"elementor-heading-title elementor-size-default\">PONTE EN CONTACTO CON NOSOTROS<\/h3>\t\t\t\t<\/div>\n\t\t\t\t<\/div>\n\t\t\t\t<section class=\"elementor-section elementor-inner-section elementor-element elementor-element-a7c5527 elementor-section-boxed elementor-section-height-default elementor-section-height-default\" data-id=\"a7c5527\" data-element_type=\"section\" data-settings=\"{&quot;background_background&quot;:&quot;gradient&quot;}\">\n\t\t\t\t\t\t<div class=\"elementor-container elementor-column-gap-default\">\n\t\t\t\t\t<div class=\"elementor-column elementor-col-100 elementor-inner-column elementor-element elementor-element-b2515f8\" data-id=\"b2515f8\" data-element_type=\"column\">\n\t\t\t<div class=\"elementor-widget-wrap elementor-element-populated\">\n\t\t\t\t\t\t<div class=\"elementor-element elementor-element-8fe1eb7 elementor-widget elementor-widget-text-editor\" data-id=\"8fe1eb7\" data-element_type=\"widget\" data-widget_type=\"text-editor.default\">\n\t\t\t\t<div class=\"elementor-widget-container\">\n\t\t\t\t\t\t\t\t\t<p>Ya sea una comunidad de propietarios, un ayuntamiento, un hospital o una universidad, Criluz siempre da servicio de calidad, estamos deseando conocerte y escucharte.<\/p>\t\t\t\t\t\t\t\t<\/div>\n\t\t\t\t<\/div>\n\t\t\t\t\t<\/div>\n\t\t<\/div>\n\t\t\t\t\t<\/div>\n\t\t<\/section>\n\t\t\t\t<section class=\"elementor-section elementor-inner-section elementor-element elementor-element-7239465 elementor-section-boxed elementor-section-height-default elementor-section-height-default\" data-id=\"7239465\" data-element_type=\"section\">\n\t\t\t\t\t\t<div class=\"elementor-container elementor-column-gap-default\">\n\t\t\t\t\t<div class=\"elementor-column elementor-col-50 elementor-inner-column elementor-element elementor-element-6c50c30\" data-id=\"6c50c30\" data-element_type=\"column\">\n\t\t\t<div class=\"elementor-widget-wrap elementor-element-populated\">\n\t\t\t\t\t\t<div class=\"elementor-element elementor-element-12bf937 elementor-widget elementor-widget-heading\" data-id=\"12bf937\" data-element_type=\"widget\" data-widget_type=\"heading.default\">\n\t\t\t\t<div class=\"elementor-widget-container\">\n\t\t\t\t\t<h3 class=\"elementor-heading-title elementor-size-default\">QUIERO PONERME EN CONTACTO CON HISP\u00c1NICA DE LIMPIEZAS<\/h3>\t\t\t\t<\/div>\n\t\t\t\t<\/div>\n\t\t\t\t<div class=\"elementor-element elementor-element-190c1e5 eael-contact-form-7-button-align-right eael-contact-form-7-button-custom elementor-widget elementor-widget-eael-contact-form-7\" data-id=\"190c1e5\" data-element_type=\"widget\" data-widget_type=\"eael-contact-form-7.default\">\n\t\t\t\t<div class=\"elementor-widget-container\">\n\t\t\t\t\t<div class=\"eael-contact-form-7-wrapper\">\n                <div class=\"eael-contact-form eael-contact-form-7 eael-contact-form-190c1e5 placeholder-show eael-custom-radio-checkbox eael-contact-form-align-default\">\n<div class=\"wpcf7 no-js\" id=\"wpcf7-f5-o1\" lang=\"es-ES\" dir=\"ltr\" data-wpcf7-id=\"5\">\n<div class=\"screen-reader-response\"><p role=\"status\" aria-live=\"polite\" aria-atomic=\"true\"><\/p> <ul><\/ul><\/div>\n<form action=\"\/index.php\/wp-json\/wp\/v2\/pages\/28#wpcf7-f5-o1\" method=\"post\" class=\"wpcf7-form init\" aria-label=\"Formulario de contacto\" novalidate=\"novalidate\" data-status=\"init\">\n<fieldset class=\"hidden-fields-container\"><input type=\"hidden\" name=\"_wpcf7\" value=\"5\" \/><input type=\"hidden\" name=\"_wpcf7_version\" value=\"6.1\" \/><input type=\"hidden\" name=\"_wpcf7_locale\" value=\"es_ES\" \/><input type=\"hidden\" name=\"_wpcf7_unit_tag\" value=\"wpcf7-f5-o1\" \/><input type=\"hidden\" name=\"_wpcf7_container_post\" value=\"0\" \/><input type=\"hidden\" name=\"_wpcf7_posted_data_hash\" value=\"\" \/>\n<\/fieldset>\n<p><label><span class=\"wpcf7-form-control-wrap\" data-name=\"your-name\"><input size=\"40\" maxlength=\"400\" class=\"wpcf7-form-control wpcf7-text wpcf7-validates-as-required\" autocomplete=\"nombre\" aria-required=\"true\" aria-invalid=\"false\" placeholder=\"Nombre:\" value=\"\" type=\"text\" name=\"your-name\" \/><\/span> <\/label>\n<\/p>\n<p><label><span class=\"wpcf7-form-control-wrap\" data-name=\"your-name\"><input size=\"40\" maxlength=\"400\" class=\"wpcf7-form-control wpcf7-text wpcf7-validates-as-required\" autocomplete=\"apellidos\" aria-required=\"true\" aria-invalid=\"false\" placeholder=\"Apellidos:\" value=\"\" type=\"text\" name=\"your-name\" \/><\/span> <\/label>\n<\/p>\n<p><label><span class=\"wpcf7-form-control-wrap\" data-name=\"telf\"><input size=\"40\" maxlength=\"400\" class=\"wpcf7-form-control wpcf7-tel wpcf7-validates-as-required wpcf7-text wpcf7-validates-as-tel\" aria-required=\"true\" aria-invalid=\"false\" placeholder=\"Tel\u00e9fono:\" value=\"\" type=\"tel\" name=\"telf\" \/><\/span> <\/label>\n<\/p>\n<p><label><span class=\"wpcf7-form-control-wrap\" data-name=\"email\"><input size=\"40\" maxlength=\"400\" class=\"wpcf7-form-control wpcf7-email wpcf7-validates-as-required wpcf7-text wpcf7-validates-as-email\" autocomplete=\"email\" aria-required=\"true\" aria-invalid=\"false\" placeholder=\"E-mail:\" value=\"\" type=\"email\" name=\"email\" \/><\/span><\/label>\n<\/p>\n<p><label><span class=\"wpcf7-form-control-wrap\" data-name=\"your-message\"><textarea cols=\"40\" rows=\"10\" maxlength=\"2000\" class=\"wpcf7-form-control wpcf7-textarea wpcf7-validates-as-required\" aria-required=\"true\" aria-invalid=\"false\" placeholder=\"Mensaje:\" name=\"your-message\"><\/textarea><\/span> <\/label><br \/>\n<span class=\"wpcf7-form-control-wrap\" data-name=\"aviso-legal\"><span class=\"wpcf7-form-control wpcf7-acceptance\"><span class=\"wpcf7-list-item\"><input type=\"checkbox\" name=\"aviso-legal\" value=\"1\" aria-invalid=\"false\" \/><\/span><\/span><\/span> He le\u00eddo y acepto el Aviso Legal\n<\/p>\n<p><span class=\"wpcf7-form-control-wrap\" data-name=\"politica-datos\"><span class=\"wpcf7-form-control wpcf7-acceptance\"><span class=\"wpcf7-list-item\"><input type=\"checkbox\" name=\"politica-datos\" value=\"1\" aria-invalid=\"false\" \/><\/span><\/span><\/span> He le\u00eddo y autorizo el tratamiento de mis datos seg\u00fan la Pol\u00edtica de Datos\n<\/p>\n<p><input class=\"wpcf7-form-control wpcf7-submit has-spinner\" type=\"submit\" value=\"Enviar\" \/>\n<\/p><div class=\"wpcf7-response-output\" aria-hidden=\"true\"><\/div>\n<\/form>\n<\/div>\n<\/div>\n            <\/div>\t\t\t\t<\/div>\n\t\t\t\t<\/div>\n\t\t\t\t\t<\/div>\n\t\t<\/div>\n\t\t\t\t<div class=\"elementor-column elementor-col-50 elementor-inner-column elementor-element elementor-element-c1acaff\" data-id=\"c1acaff\" data-element_type=\"column\">\n\t\t\t<div class=\"elementor-widget-wrap elementor-element-populated\">\n\t\t\t\t\t\t<div class=\"elementor-element elementor-element-cbc745a elementor-widget elementor-widget-heading\" data-id=\"cbc745a\" data-element_type=\"widget\" data-widget_type=\"heading.default\">\n\t\t\t\t<div class=\"elementor-widget-container\">\n\t\t\t\t\t<h3 class=\"elementor-heading-title elementor-size-default\">VIS\u00cdTANOS E INF\u00d3RMATE EN NUESTRAS OFICINAS<\/h3>\t\t\t\t<\/div>\n\t\t\t\t<\/div>\n\t\t\t\t<div class=\"elementor-element elementor-element-8d91d88 elementor-widget elementor-widget-image\" data-id=\"8d91d88\" data-element_type=\"widget\" data-widget_type=\"image.default\">\n\t\t\t\t<div class=\"elementor-widget-container\">\n\t\t\t\t\t\t\t\t\t\t\t\t\t\t\t<img decoding=\"async\" width=\"563\" height=\"357\" src=\"https:\/\/www.hispanicadelimpieza.es\/wp-content\/uploads\/2023\/02\/google_map.jpg\" class=\"attachment-large size-large wp-image-54\" alt=\"\" srcset=\"https:\/\/www.hispanicadelimpieza.es\/wp-content\/uploads\/2023\/02\/google_map.jpg 563w, https:\/\/www.hispanicadelimpieza.es\/wp-content\/uploads\/2023\/02\/google_map-300x190.jpg 300w\" sizes=\"(max-width: 563px) 100vw, 563px\" style=\"width:100%;height:63.41%;max-width:563px\" \/>\t\t\t\t\t\t\t\t\t\t\t\t\t\t\t<\/div>\n\t\t\t\t<\/div>\n\t\t\t\t<div class=\"elementor-element elementor-element-d9cdfaf elementor-widget elementor-widget-text-editor\" data-id=\"d9cdfaf\" data-element_type=\"widget\" data-widget_type=\"text-editor.default\">\n\t\t\t\t<div class=\"elementor-widget-container\">\n\t\t\t\t\t\t\t\t\t<p>C. Somera, 4<br \/>29001, M\u00e1laga<br \/>T.: 952 21 71 93<br \/>M.: <a href=\"mailto:info@hispanicadelimpieza.es\">info@hispanicadelimpieza.es<\/a><\/p>\t\t\t\t\t\t\t\t<\/div>\n\t\t\t\t<\/div>\n\t\t\t\t\t<\/div>\n\t\t<\/div>\n\t\t\t\t\t<\/div>\n\t\t<\/section>\n\t\t\t\t<section class=\"elementor-section elementor-inner-section elementor-element elementor-element-8220a20 elementor-section-boxed elementor-section-height-default elementor-section-height-default\" data-id=\"8220a20\" data-element_type=\"section\">\n\t\t\t\t\t\t<div class=\"elementor-container elementor-column-gap-default\">\n\t\t\t\t\t<div class=\"elementor-column elementor-col-100 elementor-inner-column elementor-element elementor-element-f8b002d\" data-id=\"f8b002d\" data-element_type=\"column\">\n\t\t\t<div class=\"elementor-widget-wrap elementor-element-populated\">\n\t\t\t\t\t\t<div class=\"elementor-element elementor-element-cb78bdd elementor-widget-divider--view-line elementor-widget elementor-widget-divider\" data-id=\"cb78bdd\" data-element_type=\"widget\" data-widget_type=\"divider.default\">\n\t\t\t\t<div class=\"elementor-widget-container\">\n\t\t\t\t\t\t\t<div class=\"elementor-divider\">\n\t\t\t<span class=\"elementor-divider-separator\">\n\t\t\t\t\t\t<\/span>\n\t\t<\/div>\n\t\t\t\t\t\t<\/div>\n\t\t\t\t<\/div>\n\t\t\t\t\t<\/div>\n\t\t<\/div>\n\t\t\t\t\t<\/div>\n\t\t<\/section>\n\t\t\t\t<section class=\"elementor-section elementor-inner-section elementor-element elementor-element-466307c elementor-section-boxed elementor-section-height-default elementor-section-height-default\" data-id=\"466307c\" data-element_type=\"section\" data-settings=\"{&quot;background_background&quot;:&quot;gradient&quot;}\">\n\t\t\t\t\t\t<div class=\"elementor-container elementor-column-gap-no\">\n\t\t\t\t\t<div class=\"elementor-column elementor-col-33 elementor-inner-column elementor-element elementor-element-6849449\" data-id=\"6849449\" data-element_type=\"column\">\n\t\t\t<div class=\"elementor-widget-wrap elementor-element-populated\">\n\t\t\t\t\t\t<div class=\"elementor-element elementor-element-78e9e6a elementor-widget elementor-widget-image\" data-id=\"78e9e6a\" data-element_type=\"widget\" data-widget_type=\"image.default\">\n\t\t\t\t<div class=\"elementor-widget-container\">\n\t\t\t\t\t\t\t\t\t\t\t\t\t\t\t<img decoding=\"async\" width=\"462\" height=\"258\" src=\"https:\/\/www.hispanicadelimpieza.es\/wp-content\/uploads\/2023\/02\/trabaja_con.jpg\" class=\"attachment-large size-large wp-image-68\" alt=\"\" srcset=\"https:\/\/www.hispanicadelimpieza.es\/wp-content\/uploads\/2023\/02\/trabaja_con.jpg 462w, https:\/\/www.hispanicadelimpieza.es\/wp-content\/uploads\/2023\/02\/trabaja_con-300x168.jpg 300w\" sizes=\"(max-width: 462px) 100vw, 462px\" style=\"width:100%;height:55.84%;max-width:462px\" \/>\t\t\t\t\t\t\t\t\t\t\t\t\t\t\t<\/div>\n\t\t\t\t<\/div>\n\t\t\t\t\t<\/div>\n\t\t<\/div>\n\t\t\t\t<div class=\"elementor-column elementor-col-33 elementor-inner-column elementor-element elementor-element-ea451bf\" data-id=\"ea451bf\" data-element_type=\"column\">\n\t\t\t<div class=\"elementor-widget-wrap elementor-element-populated\">\n\t\t\t\t\t\t<div class=\"elementor-element elementor-element-1b8d591 texto-quieres elementor-widget elementor-widget-text-editor\" data-id=\"1b8d591\" data-element_type=\"widget\" data-widget_type=\"text-editor.default\">\n\t\t\t\t<div class=\"elementor-widget-container\">\n\t\t\t\t\t\t\t\t\t<h4>\u00bfQUI\u00c9RES TRABAJAR<br \/>HISP\u00c1NICA?<\/h4>\t\t\t\t\t\t\t\t<\/div>\n\t\t\t\t<\/div>\n\t\t\t\t<div class=\"elementor-element elementor-element-98618cd texto-subquieres elementor-widget elementor-widget-text-editor\" data-id=\"98618cd\" data-element_type=\"widget\" data-widget_type=\"text-editor.default\">\n\t\t\t\t<div class=\"elementor-widget-container\">\n\t\t\t\t\t\t\t\t\t<p>Si quieres formar parte de familia de Hisp\u00e1nica pincha el enlace y env\u00edanos tu C.V.<\/p>\t\t\t\t\t\t\t\t<\/div>\n\t\t\t\t<\/div>\n\t\t\t\t\t<\/div>\n\t\t<\/div>\n\t\t\t\t<div class=\"elementor-column elementor-col-33 elementor-inner-column elementor-element elementor-element-9653fa2\" data-id=\"9653fa2\" data-element_type=\"column\">\n\t\t\t<div class=\"elementor-widget-wrap elementor-element-populated\">\n\t\t\t\t\t\t<div class=\"elementor-element elementor-element-a8fc274 elementor-widget elementor-widget-image\" data-id=\"a8fc274\" data-element_type=\"widget\" data-widget_type=\"image.default\">\n\t\t\t\t<div class=\"elementor-widget-container\">\n\t\t\t\t\t\t\t\t\t\t\t\t\t\t\t\t<a href=\"http:\/\/www.hispanicadelimpieza.es\/index.php\/trabaja-con-nosotros\/\">\n\t\t\t\t\t\t\t<img loading=\"lazy\" decoding=\"async\" width=\"333\" height=\"61\" src=\"https:\/\/www.hispanicadelimpieza.es\/wp-content\/uploads\/2023\/02\/pinchaaqui.png\" class=\"attachment-large size-large wp-image-75\" alt=\"\" srcset=\"https:\/\/www.hispanicadelimpieza.es\/wp-content\/uploads\/2023\/02\/pinchaaqui.png 333w, https:\/\/www.hispanicadelimpieza.es\/wp-content\/uploads\/2023\/02\/pinchaaqui-300x55.png 300w\" sizes=\"(max-width: 333px) 100vw, 333px\" style=\"width:100%;height:18.32%;max-width:333px\" \/>\t\t\t\t\t\t\t\t<\/a>\n\t\t\t\t\t\t\t\t\t\t\t\t\t\t\t<\/div>\n\t\t\t\t<\/div>\n\t\t\t\t\t<\/div>\n\t\t<\/div>\n\t\t\t\t\t<\/div>\n\t\t<\/section>\n\t\t\t\t\t<\/div>\n\t\t<\/div>\n\t\t\t\t\t<\/div>\n\t\t<\/section>\n\t\t\t\t<\/div>\n\t\t","protected":false},"excerpt":{"rendered":"<p>PONTE EN CONTACTO CON NOSOTROS Ya sea una comunidad de propietarios, un ayuntamiento, un hospital o una universidad, Criluz siempre da servicio de calidad, estamos deseando conocerte y escucharte. QUIERO PONERME EN CONTACTO CON HISP\u00c1NICA DE LIMPIEZAS He le\u00eddo y acepto el Aviso Legal He le\u00eddo y autorizo el tratamiento de mis datos seg\u00fan la&hellip; <a class=\"more-link\" href=\"https:\/\/www.hispanicadelimpieza.es\/index.php\/contacto\/\">Seguir leyendo <span class=\"screen-reader-text\">CONTACTO<\/span><\/a><\/p>\n","protected":false},"author":1,"featured_media":0,"parent":0,"menu_order":0,"comment_status":"closed","ping_status":"closed","template":"elementor_header_footer","meta":{"footnotes":""},"class_list":["post-28","page","type-page","status-publish","hentry","entry"],"yoast_head":"<!-- This site is optimized with the Yoast SEO plugin v25.4 - https:\/\/yoast.com\/wordpress\/plugins\/seo\/ -->\n<title>CONTACTO - Hispanica de Limpieza S.A.<\/title>\n<meta name=\"description\" content=\"Ya sea una comunidad de propietarios, un ayuntamiento, un hospital o una universidad, Criluz siempre da servicio de calidad, estamos deseando conocerte y escucharte.\" \/>\n<meta name=\"robots\" content=\"index, follow, max-snippet:-1, max-image-preview:large, max-video-preview:-1\" \/>\n<link rel=\"canonical\" href=\"https:\/\/www.hispanicadelimpieza.es\/index.php\/contacto\/\" \/>\n<meta property=\"og:locale\" content=\"es_ES\" \/>\n<meta property=\"og:type\" content=\"article\" \/>\n<meta property=\"og:title\" content=\"CONTACTO - Hispanica de Limpieza S.A.\" \/>\n<meta property=\"og:description\" content=\"Ya sea una comunidad de propietarios, un ayuntamiento, un hospital o una universidad, Criluz siempre da servicio de calidad, estamos deseando conocerte y escucharte.\" \/>\n<meta property=\"og:url\" content=\"https:\/\/www.hispanicadelimpieza.es\/index.php\/contacto\/\" \/>\n<meta property=\"og:site_name\" content=\"Hispanica de Limpieza S.A.\" \/>\n<meta property=\"article:modified_time\" content=\"2023-03-07T11:29:13+00:00\" \/>\n<meta property=\"og:image\" content=\"http:\/\/www.hispanicadelimpieza.es\/wp-content\/uploads\/2023\/02\/contacto.jpg\" \/>\n<meta name=\"twitter:card\" content=\"summary_large_image\" \/>\n<meta name=\"twitter:label1\" content=\"Tiempo de lectura\" \/>\n\t<meta name=\"twitter:data1\" content=\"2 minutos\" \/>\n<script type=\"application\/ld+json\" class=\"yoast-schema-graph\">{\"@context\":\"https:\/\/schema.org\",\"@graph\":[{\"@type\":\"WebPage\",\"@id\":\"https:\/\/www.hispanicadelimpieza.es\/index.php\/contacto\/\",\"url\":\"https:\/\/www.hispanicadelimpieza.es\/index.php\/contacto\/\",\"name\":\"CONTACTO - Hispanica de Limpieza S.A.\",\"isPartOf\":{\"@id\":\"https:\/\/www.hispanicadelimpieza.es\/#website\"},\"primaryImageOfPage\":{\"@id\":\"https:\/\/www.hispanicadelimpieza.es\/index.php\/contacto\/#primaryimage\"},\"image\":{\"@id\":\"https:\/\/www.hispanicadelimpieza.es\/index.php\/contacto\/#primaryimage\"},\"thumbnailUrl\":\"http:\/\/www.hispanicadelimpieza.es\/wp-content\/uploads\/2023\/02\/contacto.jpg\",\"datePublished\":\"2023-02-15T10:20:27+00:00\",\"dateModified\":\"2023-03-07T11:29:13+00:00\",\"description\":\"Ya sea una comunidad de propietarios, un ayuntamiento, un hospital o una universidad, Criluz siempre da servicio de calidad, estamos deseando conocerte y escucharte.\",\"breadcrumb\":{\"@id\":\"https:\/\/www.hispanicadelimpieza.es\/index.php\/contacto\/#breadcrumb\"},\"inLanguage\":\"es\",\"potentialAction\":[{\"@type\":\"ReadAction\",\"target\":[\"https:\/\/www.hispanicadelimpieza.es\/index.php\/contacto\/\"]}]},{\"@type\":\"ImageObject\",\"inLanguage\":\"es\",\"@id\":\"https:\/\/www.hispanicadelimpieza.es\/index.php\/contacto\/#primaryimage\",\"url\":\"https:\/\/www.hispanicadelimpieza.es\/wp-content\/uploads\/2023\/02\/contacto.jpg\",\"contentUrl\":\"https:\/\/www.hispanicadelimpieza.es\/wp-content\/uploads\/2023\/02\/contacto.jpg\",\"width\":1273,\"height\":728},{\"@type\":\"BreadcrumbList\",\"@id\":\"https:\/\/www.hispanicadelimpieza.es\/index.php\/contacto\/#breadcrumb\",\"itemListElement\":[{\"@type\":\"ListItem\",\"position\":1,\"name\":\"Portada\",\"item\":\"https:\/\/www.hispanicadelimpieza.es\/\"},{\"@type\":\"ListItem\",\"position\":2,\"name\":\"CONTACTO\"}]},{\"@type\":\"WebSite\",\"@id\":\"https:\/\/www.hispanicadelimpieza.es\/#website\",\"url\":\"https:\/\/www.hispanicadelimpieza.es\/\",\"name\":\"Hispanica de Limpieza S.A.\",\"description\":\"\",\"potentialAction\":[{\"@type\":\"SearchAction\",\"target\":{\"@type\":\"EntryPoint\",\"urlTemplate\":\"https:\/\/www.hispanicadelimpieza.es\/?s={search_term_string}\"},\"query-input\":{\"@type\":\"PropertyValueSpecification\",\"valueRequired\":true,\"valueName\":\"search_term_string\"}}],\"inLanguage\":\"es\"}]}<\/script>\n<!-- \/ Yoast SEO plugin. -->","yoast_head_json":{"title":"CONTACTO - Hispanica de Limpieza S.A.","description":"Ya sea una comunidad de propietarios, un ayuntamiento, un hospital o una universidad, Criluz siempre da servicio de calidad, estamos deseando conocerte y escucharte.","robots":{"index":"index","follow":"follow","max-snippet":"max-snippet:-1","max-image-preview":"max-image-preview:large","max-video-preview":"max-video-preview:-1"},"canonical":"https:\/\/www.hispanicadelimpieza.es\/index.php\/contacto\/","og_locale":"es_ES","og_type":"article","og_title":"CONTACTO - Hispanica de Limpieza S.A.","og_description":"Ya sea una comunidad de propietarios, un ayuntamiento, un hospital o una universidad, Criluz siempre da servicio de calidad, estamos deseando conocerte y escucharte.","og_url":"https:\/\/www.hispanicadelimpieza.es\/index.php\/contacto\/","og_site_name":"Hispanica de Limpieza S.A.","article_modified_time":"2023-03-07T11:29:13+00:00","og_image":[{"url":"http:\/\/www.hispanicadelimpieza.es\/wp-content\/uploads\/2023\/02\/contacto.jpg","type":"","width":"","height":""}],"twitter_card":"summary_large_image","twitter_misc":{"Tiempo de lectura":"2 minutos"},"schema":{"@context":"https:\/\/schema.org","@graph":[{"@type":"WebPage","@id":"https:\/\/www.hispanicadelimpieza.es\/index.php\/contacto\/","url":"https:\/\/www.hispanicadelimpieza.es\/index.php\/contacto\/","name":"CONTACTO - Hispanica de Limpieza S.A.","isPartOf":{"@id":"https:\/\/www.hispanicadelimpieza.es\/#website"},"primaryImageOfPage":{"@id":"https:\/\/www.hispanicadelimpieza.es\/index.php\/contacto\/#primaryimage"},"image":{"@id":"https:\/\/www.hispanicadelimpieza.es\/index.php\/contacto\/#primaryimage"},"thumbnailUrl":"http:\/\/www.hispanicadelimpieza.es\/wp-content\/uploads\/2023\/02\/contacto.jpg","datePublished":"2023-02-15T10:20:27+00:00","dateModified":"2023-03-07T11:29:13+00:00","description":"Ya sea una comunidad de propietarios, un ayuntamiento, un hospital o una universidad, Criluz siempre da servicio de calidad, estamos deseando conocerte y escucharte.","breadcrumb":{"@id":"https:\/\/www.hispanicadelimpieza.es\/index.php\/contacto\/#breadcrumb"},"inLanguage":"es","potentialAction":[{"@type":"ReadAction","target":["https:\/\/www.hispanicadelimpieza.es\/index.php\/contacto\/"]}]},{"@type":"ImageObject","inLanguage":"es","@id":"https:\/\/www.hispanicadelimpieza.es\/index.php\/contacto\/#primaryimage","url":"https:\/\/www.hispanicadelimpieza.es\/wp-content\/uploads\/2023\/02\/contacto.jpg","contentUrl":"https:\/\/www.hispanicadelimpieza.es\/wp-content\/uploads\/2023\/02\/contacto.jpg","width":1273,"height":728},{"@type":"BreadcrumbList","@id":"https:\/\/www.hispanicadelimpieza.es\/index.php\/contacto\/#breadcrumb","itemListElement":[{"@type":"ListItem","position":1,"name":"Portada","item":"https:\/\/www.hispanicadelimpieza.es\/"},{"@type":"ListItem","position":2,"name":"CONTACTO"}]},{"@type":"WebSite","@id":"https:\/\/www.hispanicadelimpieza.es\/#website","url":"https:\/\/www.hispanicadelimpieza.es\/","name":"Hispanica de Limpieza S.A.","description":"","potentialAction":[{"@type":"SearchAction","target":{"@type":"EntryPoint","urlTemplate":"https:\/\/www.hispanicadelimpieza.es\/?s={search_term_string}"},"query-input":{"@type":"PropertyValueSpecification","valueRequired":true,"valueName":"search_term_string"}}],"inLanguage":"es"}]}},"_links":{"self":[{"href":"https:\/\/www.hispanicadelimpieza.es\/index.php\/wp-json\/wp\/v2\/pages\/28","targetHints":{"allow":["GET"]}}],"collection":[{"href":"https:\/\/www.hispanicadelimpieza.es\/index.php\/wp-json\/wp\/v2\/pages"}],"about":[{"href":"https:\/\/www.hispanicadelimpieza.es\/index.php\/wp-json\/wp\/v2\/types\/page"}],"author":[{"embeddable":true,"href":"https:\/\/www.hispanicadelimpieza.es\/index.php\/wp-json\/wp\/v2\/users\/1"}],"replies":[{"embeddable":true,"href":"https:\/\/www.hispanicadelimpieza.es\/index.php\/wp-json\/wp\/v2\/comments?post=28"}],"version-history":[{"count":0,"href":"https:\/\/www.hispanicadelimpieza.es\/index.php\/wp-json\/wp\/v2\/pages\/28\/revisions"}],"wp:attachment":[{"href":"https:\/\/www.hispanicadelimpieza.es\/index.php\/wp-json\/wp\/v2\/media?parent=28"}],"curies":[{"name":"wp","href":"https:\/\/api.w.org\/{rel}","templated":true}]}}