{"id":26,"date":"2023-02-15T10:20:14","date_gmt":"2023-02-15T10:20:14","guid":{"rendered":"http:\/\/www.hispanicadelimpieza.es\/?page_id=26"},"modified":"2023-03-07T10:48:17","modified_gmt":"2023-03-07T10:48:17","slug":"trabaja-con-nosotros","status":"publish","type":"page","link":"https:\/\/www.hispanicadelimpieza.es\/index.php\/trabaja-con-nosotros\/","title":{"rendered":"TRABAJA CON NOSOTROS"},"content":{"rendered":"\t\t<div data-elementor-type=\"wp-page\" data-elementor-id=\"26\" class=\"elementor elementor-26\">\n\t\t\t\t\t\t<section class=\"elementor-section elementor-top-section elementor-element elementor-element-20c0c17 elementor-section-boxed elementor-section-height-default elementor-section-height-default\" data-id=\"20c0c17\" data-element_type=\"section\">\n\t\t\t\t\t\t<div class=\"elementor-container elementor-column-gap-no\">\n\t\t\t\t\t<div class=\"elementor-column elementor-col-100 elementor-top-column elementor-element elementor-element-2c1c8b3\" data-id=\"2c1c8b3\" data-element_type=\"column\" data-settings=\"{&quot;background_background&quot;:&quot;classic&quot;}\">\n\t\t\t<div class=\"elementor-widget-wrap elementor-element-populated\">\n\t\t\t\t\t\t<div class=\"elementor-element elementor-element-0974360 elementor-invisible elementor-widget elementor-widget-image\" data-id=\"0974360\" data-element_type=\"widget\" data-settings=\"{&quot;_animation&quot;:&quot;fadeInDown&quot;}\" data-widget_type=\"image.default\">\n\t\t\t\t<div class=\"elementor-widget-container\">\n\t\t\t\t\t\t\t\t\t\t\t\t\t\t\t<img fetchpriority=\"high\" decoding=\"async\" width=\"1276\" height=\"728\" src=\"https:\/\/www.hispanicadelimpieza.es\/wp-content\/uploads\/2023\/02\/trabaja_cabecero.jpg\" class=\"attachment-full size-full wp-image-82\" alt=\"\" srcset=\"https:\/\/www.hispanicadelimpieza.es\/wp-content\/uploads\/2023\/02\/trabaja_cabecero.jpg 1276w, https:\/\/www.hispanicadelimpieza.es\/wp-content\/uploads\/2023\/02\/trabaja_cabecero-300x171.jpg 300w, https:\/\/www.hispanicadelimpieza.es\/wp-content\/uploads\/2023\/02\/trabaja_cabecero-1024x584.jpg 1024w, https:\/\/www.hispanicadelimpieza.es\/wp-content\/uploads\/2023\/02\/trabaja_cabecero-768x438.jpg 768w\" sizes=\"(max-width: 1276px) 100vw, 1276px\" style=\"width:100%;height:57.05%;max-width:1276px\" \/>\t\t\t\t\t\t\t\t\t\t\t\t\t\t\t<\/div>\n\t\t\t\t<\/div>\n\t\t\t\t<div class=\"elementor-element elementor-element-1a965a7 elementor-widget elementor-widget-heading\" data-id=\"1a965a7\" data-element_type=\"widget\" data-widget_type=\"heading.default\">\n\t\t\t\t<div class=\"elementor-widget-container\">\n\t\t\t\t\t<h3 class=\"elementor-heading-title elementor-size-default\">TRABAJA EN HISP\u00c1NICA<\/h3>\t\t\t\t<\/div>\n\t\t\t\t<\/div>\n\t\t\t\t<section class=\"elementor-section elementor-inner-section elementor-element elementor-element-fabb41d elementor-section-boxed elementor-section-height-default elementor-section-height-default\" data-id=\"fabb41d\" data-element_type=\"section\">\n\t\t\t\t\t\t<div class=\"elementor-container elementor-column-gap-default\">\n\t\t\t\t\t<div class=\"elementor-column elementor-col-100 elementor-inner-column elementor-element elementor-element-43d6334\" data-id=\"43d6334\" data-element_type=\"column\">\n\t\t\t<div class=\"elementor-widget-wrap elementor-element-populated\">\n\t\t\t\t\t\t<div class=\"elementor-element elementor-element-b9d9d80 trabaja-texto elementor-widget elementor-widget-text-editor\" data-id=\"b9d9d80\" data-element_type=\"widget\" data-widget_type=\"text-editor.default\">\n\t\t\t\t<div class=\"elementor-widget-container\">\n\t\t\t\t\t\t\t\t\t<p>Hisp\u00e1nica de Limpiezas, es una empresa solvente, avalada por m\u00e1s de 40 a\u00f1os de trayectoria. Creamos y gestionmaos equipos profesionales, no s\u00f3lo d\u00e1ndoles una oportunidad de trabajar y crecer laboralmente sino que los apoyamos mediante la formaci\u00f3n continua y su calidad y seguridad laboral.<br \/>Si quieres formar parte de una empresa s\u00f3lida y disfrutar de un trabajo duradero no dudes en enviarnos tu curr\u00edculum. Muchas gracias, te esperamos.<\/p>\t\t\t\t\t\t\t\t<\/div>\n\t\t\t\t<\/div>\n\t\t\t\t\t<\/div>\n\t\t<\/div>\n\t\t\t\t\t<\/div>\n\t\t<\/section>\n\t\t\t\t<section class=\"elementor-section elementor-inner-section elementor-element elementor-element-52dace8 elementor-section-boxed elementor-section-height-default elementor-section-height-default\" data-id=\"52dace8\" data-element_type=\"section\" data-settings=\"{&quot;background_background&quot;:&quot;gradient&quot;}\">\n\t\t\t\t\t\t<div class=\"elementor-container elementor-column-gap-default\">\n\t\t\t\t\t<div class=\"elementor-column elementor-col-100 elementor-inner-column elementor-element elementor-element-90d18c9\" data-id=\"90d18c9\" data-element_type=\"column\">\n\t\t\t<div class=\"elementor-widget-wrap elementor-element-populated\">\n\t\t\t\t\t\t<div class=\"elementor-element elementor-element-010b698 elementor-widget elementor-widget-text-editor\" data-id=\"010b698\" data-element_type=\"widget\" data-widget_type=\"text-editor.default\">\n\t\t\t\t<div class=\"elementor-widget-container\">\n\t\t\t\t\t\t\t\t\t<h4>RELLENA ESTE CUESTIONARIO Y NOS PONDREMOS EN CONTACTO CONTIGO.<\/h4>\t\t\t\t\t\t\t\t<\/div>\n\t\t\t\t<\/div>\n\t\t\t\t\t<\/div>\n\t\t<\/div>\n\t\t\t\t\t<\/div>\n\t\t<\/section>\n\t\t\t\t<section class=\"elementor-section elementor-inner-section elementor-element elementor-element-d1bd585 elementor-section-boxed elementor-section-height-default elementor-section-height-default\" data-id=\"d1bd585\" data-element_type=\"section\">\n\t\t\t\t\t\t<div class=\"elementor-container elementor-column-gap-default\">\n\t\t\t\t\t<div class=\"elementor-column elementor-col-100 elementor-inner-column elementor-element elementor-element-c72bb35\" data-id=\"c72bb35\" data-element_type=\"column\">\n\t\t\t<div class=\"elementor-widget-wrap elementor-element-populated\">\n\t\t\t\t\t\t<div class=\"elementor-element elementor-element-e98703f elementor-widget elementor-widget-heading\" data-id=\"e98703f\" data-element_type=\"widget\" data-widget_type=\"heading.default\">\n\t\t\t\t<div class=\"elementor-widget-container\">\n\t\t\t\t\t<h3 class=\"elementor-heading-title elementor-size-default\">MUCHAS GRACIAS POR TU INTER\u00c9S<\/h3>\t\t\t\t<\/div>\n\t\t\t\t<\/div>\n\t\t\t\t<div class=\"elementor-element elementor-element-2716501 eael-contact-form-7-button-align-right elementor-widget__width-initial eael-contact-form-7-button-custom elementor-widget elementor-widget-eael-contact-form-7\" data-id=\"2716501\" data-element_type=\"widget\" data-widget_type=\"eael-contact-form-7.default\">\n\t\t\t\t<div class=\"elementor-widget-container\">\n\t\t\t\t\t<div class=\"eael-contact-form-7-wrapper\">\n                <div class=\"eael-contact-form eael-contact-form-7 eael-contact-form-2716501 placeholder-show eael-custom-radio-checkbox eael-contact-form-align-default\">\n<div class=\"wpcf7 no-js\" id=\"wpcf7-f45-o1\" lang=\"es-ES\" dir=\"ltr\" data-wpcf7-id=\"45\">\n<div class=\"screen-reader-response\"><p role=\"status\" aria-live=\"polite\" aria-atomic=\"true\"><\/p> <ul><\/ul><\/div>\n<form action=\"\/index.php\/wp-json\/wp\/v2\/pages\/26#wpcf7-f45-o1\" method=\"post\" class=\"wpcf7-form init\" aria-label=\"Formulario de contacto\" novalidate=\"novalidate\" data-status=\"init\">\n<fieldset class=\"hidden-fields-container\"><input type=\"hidden\" name=\"_wpcf7\" value=\"45\" \/><input type=\"hidden\" name=\"_wpcf7_version\" value=\"6.1\" \/><input type=\"hidden\" name=\"_wpcf7_locale\" value=\"es_ES\" \/><input type=\"hidden\" name=\"_wpcf7_unit_tag\" value=\"wpcf7-f45-o1\" \/><input type=\"hidden\" name=\"_wpcf7_container_post\" value=\"0\" \/><input type=\"hidden\" name=\"_wpcf7_posted_data_hash\" value=\"\" \/>\n<\/fieldset>\n<p><label><span class=\"wpcf7-form-control-wrap\" data-name=\"your-name\"><input size=\"40\" maxlength=\"400\" class=\"wpcf7-form-control wpcf7-text wpcf7-validates-as-required\" autocomplete=\"nombre\" aria-required=\"true\" aria-invalid=\"false\" placeholder=\"NOMBRE:\" value=\"\" type=\"text\" name=\"your-name\" \/><\/span> <\/label>\n<\/p>\n<p><label><span class=\"wpcf7-form-control-wrap\" data-name=\"your-name\"><input size=\"40\" maxlength=\"400\" class=\"wpcf7-form-control wpcf7-text wpcf7-validates-as-required\" autocomplete=\"apellidos\" aria-required=\"true\" aria-invalid=\"false\" placeholder=\"APELLIDOS:\" value=\"\" type=\"text\" name=\"your-name\" \/><\/span> <\/label>\n<\/p>\n<p><label><span class=\"wpcf7-form-control-wrap\" data-name=\"telf\"><input size=\"40\" maxlength=\"400\" class=\"wpcf7-form-control wpcf7-tel wpcf7-validates-as-required wpcf7-text wpcf7-validates-as-tel\" aria-required=\"true\" aria-invalid=\"false\" placeholder=\"TEL\u00c9FONO:\" value=\"\" type=\"tel\" name=\"telf\" \/><\/span> <\/label>\n<\/p>\n<p><label><span class=\"wpcf7-form-control-wrap\" data-name=\"email\"><input size=\"40\" maxlength=\"400\" class=\"wpcf7-form-control wpcf7-email wpcf7-validates-as-required wpcf7-text wpcf7-validates-as-email\" autocomplete=\"email\" aria-required=\"true\" aria-invalid=\"false\" placeholder=\"E-MAIL:\" value=\"\" type=\"email\" name=\"email\" \/><\/span><\/label>\n<\/p>\n<p><label><span class=\"wpcf7-form-control-wrap\" data-name=\"your-message\"><textarea cols=\"40\" rows=\"10\" maxlength=\"2000\" class=\"wpcf7-form-control wpcf7-textarea wpcf7-validates-as-required\" aria-required=\"true\" aria-invalid=\"false\" placeholder=\"DESCR\u00cdBENOS BREVEMENTE TU EXPERIENCIA\" name=\"your-message\"><\/textarea><\/span> <\/label>\n<\/p>\n<p><span class=\"wpcf7-form-control-wrap\" data-name=\"aviso-legal\"><span class=\"wpcf7-form-control wpcf7-acceptance\"><span class=\"wpcf7-list-item\"><input type=\"checkbox\" name=\"aviso-legal\" value=\"1\" aria-invalid=\"false\" \/><\/span><\/span><\/span> HE LE\u00cdDO Y ACEPTO EL AVISO LEGAL<br \/>\n<span class=\"wpcf7-form-control-wrap\" data-name=\"politica-datos\"><span class=\"wpcf7-form-control wpcf7-acceptance\"><span class=\"wpcf7-list-item\"><input type=\"checkbox\" name=\"politica-datos\" value=\"1\" aria-invalid=\"false\" \/><\/span><\/span><\/span> HE LE\u00cdDO Y AUTORIZO EL TRATAMIENTO DE MIS DATOS SEG\u00daN LA POL\u00cdTICA DE DATOS\n<\/p>\n<p><input class=\"wpcf7-form-control wpcf7-submit has-spinner\" type=\"submit\" value=\"Enviar\" \/>\n<\/p><div class=\"wpcf7-response-output\" aria-hidden=\"true\"><\/div>\n<\/form>\n<\/div>\n<\/div>\n            <\/div>\t\t\t\t<\/div>\n\t\t\t\t<\/div>\n\t\t\t\t\t<\/div>\n\t\t<\/div>\n\t\t\t\t\t<\/div>\n\t\t<\/section>\n\t\t\t\t\t<\/div>\n\t\t<\/div>\n\t\t\t\t\t<\/div>\n\t\t<\/section>\n\t\t\t\t<\/div>\n\t\t","protected":false},"excerpt":{"rendered":"<p>TRABAJA EN HISP\u00c1NICA Hisp\u00e1nica de Limpiezas, es una empresa solvente, avalada por m\u00e1s de 40 a\u00f1os de trayectoria. Creamos y gestionmaos equipos profesionales, no s\u00f3lo d\u00e1ndoles una oportunidad de trabajar y crecer laboralmente sino que los apoyamos mediante la formaci\u00f3n continua y su calidad y seguridad laboral. Si quieres formar parte de una empresa s\u00f3lida&hellip; <a class=\"more-link\" href=\"https:\/\/www.hispanicadelimpieza.es\/index.php\/trabaja-con-nosotros\/\">Seguir leyendo <span class=\"screen-reader-text\">TRABAJA CON NOSOTROS<\/span><\/a><\/p>\n","protected":false},"author":1,"featured_media":0,"parent":0,"menu_order":0,"comment_status":"closed","ping_status":"closed","template":"elementor_header_footer","meta":{"footnotes":""},"class_list":["post-26","page","type-page","status-publish","hentry","entry"],"yoast_head":"<!-- This site is optimized with the Yoast SEO plugin v25.4 - https:\/\/yoast.com\/wordpress\/plugins\/seo\/ -->\n<title>TRABAJA CON NOSOTROS - Hispanica de Limpieza S.A.<\/title>\n<meta name=\"description\" content=\"Es una empresa solvente, avalada por m\u00e1s de 40 a\u00f1os de trayectoria. Creamos y gestionamos equipos profesionales, no s\u00f3lo d\u00e1ndoles una oportunidad de trabajar...\" \/>\n<meta name=\"robots\" content=\"index, follow, max-snippet:-1, max-image-preview:large, max-video-preview:-1\" \/>\n<link rel=\"canonical\" href=\"https:\/\/www.hispanicadelimpieza.es\/index.php\/trabaja-con-nosotros\/\" \/>\n<meta property=\"og:locale\" content=\"es_ES\" \/>\n<meta property=\"og:type\" content=\"article\" \/>\n<meta property=\"og:title\" content=\"TRABAJA CON NOSOTROS - Hispanica de Limpieza S.A.\" \/>\n<meta property=\"og:description\" content=\"Es una empresa solvente, avalada por m\u00e1s de 40 a\u00f1os de trayectoria. Creamos y gestionamos equipos profesionales, no s\u00f3lo d\u00e1ndoles una oportunidad de trabajar...\" \/>\n<meta property=\"og:url\" content=\"https:\/\/www.hispanicadelimpieza.es\/index.php\/trabaja-con-nosotros\/\" \/>\n<meta property=\"og:site_name\" content=\"Hispanica de Limpieza S.A.\" \/>\n<meta property=\"article:modified_time\" content=\"2023-03-07T10:48:17+00:00\" \/>\n<meta property=\"og:image\" content=\"http:\/\/www.hispanicadelimpieza.es\/wp-content\/uploads\/2023\/02\/trabaja_cabecero.jpg\" \/>\n<meta name=\"twitter:card\" content=\"summary_large_image\" \/>\n<meta name=\"twitter:label1\" content=\"Tiempo de lectura\" \/>\n\t<meta name=\"twitter:data1\" content=\"1 minuto\" \/>\n<script type=\"application\/ld+json\" class=\"yoast-schema-graph\">{\"@context\":\"https:\/\/schema.org\",\"@graph\":[{\"@type\":\"WebPage\",\"@id\":\"https:\/\/www.hispanicadelimpieza.es\/index.php\/trabaja-con-nosotros\/\",\"url\":\"https:\/\/www.hispanicadelimpieza.es\/index.php\/trabaja-con-nosotros\/\",\"name\":\"TRABAJA CON NOSOTROS - Hispanica de Limpieza S.A.\",\"isPartOf\":{\"@id\":\"https:\/\/www.hispanicadelimpieza.es\/#website\"},\"primaryImageOfPage\":{\"@id\":\"https:\/\/www.hispanicadelimpieza.es\/index.php\/trabaja-con-nosotros\/#primaryimage\"},\"image\":{\"@id\":\"https:\/\/www.hispanicadelimpieza.es\/index.php\/trabaja-con-nosotros\/#primaryimage\"},\"thumbnailUrl\":\"http:\/\/www.hispanicadelimpieza.es\/wp-content\/uploads\/2023\/02\/trabaja_cabecero.jpg\",\"datePublished\":\"2023-02-15T10:20:14+00:00\",\"dateModified\":\"2023-03-07T10:48:17+00:00\",\"description\":\"Es una empresa solvente, avalada por m\u00e1s de 40 a\u00f1os de trayectoria. Creamos y gestionamos equipos profesionales, no s\u00f3lo d\u00e1ndoles una oportunidad de trabajar...\",\"breadcrumb\":{\"@id\":\"https:\/\/www.hispanicadelimpieza.es\/index.php\/trabaja-con-nosotros\/#breadcrumb\"},\"inLanguage\":\"es\",\"potentialAction\":[{\"@type\":\"ReadAction\",\"target\":[\"https:\/\/www.hispanicadelimpieza.es\/index.php\/trabaja-con-nosotros\/\"]}]},{\"@type\":\"ImageObject\",\"inLanguage\":\"es\",\"@id\":\"https:\/\/www.hispanicadelimpieza.es\/index.php\/trabaja-con-nosotros\/#primaryimage\",\"url\":\"https:\/\/www.hispanicadelimpieza.es\/wp-content\/uploads\/2023\/02\/trabaja_cabecero.jpg\",\"contentUrl\":\"https:\/\/www.hispanicadelimpieza.es\/wp-content\/uploads\/2023\/02\/trabaja_cabecero.jpg\",\"width\":1276,\"height\":728},{\"@type\":\"BreadcrumbList\",\"@id\":\"https:\/\/www.hispanicadelimpieza.es\/index.php\/trabaja-con-nosotros\/#breadcrumb\",\"itemListElement\":[{\"@type\":\"ListItem\",\"position\":1,\"name\":\"Portada\",\"item\":\"https:\/\/www.hispanicadelimpieza.es\/\"},{\"@type\":\"ListItem\",\"position\":2,\"name\":\"TRABAJA CON NOSOTROS\"}]},{\"@type\":\"WebSite\",\"@id\":\"https:\/\/www.hispanicadelimpieza.es\/#website\",\"url\":\"https:\/\/www.hispanicadelimpieza.es\/\",\"name\":\"Hispanica de Limpieza S.A.\",\"description\":\"\",\"potentialAction\":[{\"@type\":\"SearchAction\",\"target\":{\"@type\":\"EntryPoint\",\"urlTemplate\":\"https:\/\/www.hispanicadelimpieza.es\/?s={search_term_string}\"},\"query-input\":{\"@type\":\"PropertyValueSpecification\",\"valueRequired\":true,\"valueName\":\"search_term_string\"}}],\"inLanguage\":\"es\"}]}<\/script>\n<!-- \/ Yoast SEO plugin. -->","yoast_head_json":{"title":"TRABAJA CON NOSOTROS - Hispanica de Limpieza S.A.","description":"Es una empresa solvente, avalada por m\u00e1s de 40 a\u00f1os de trayectoria. Creamos y gestionamos equipos profesionales, no s\u00f3lo d\u00e1ndoles una oportunidad de trabajar...","robots":{"index":"index","follow":"follow","max-snippet":"max-snippet:-1","max-image-preview":"max-image-preview:large","max-video-preview":"max-video-preview:-1"},"canonical":"https:\/\/www.hispanicadelimpieza.es\/index.php\/trabaja-con-nosotros\/","og_locale":"es_ES","og_type":"article","og_title":"TRABAJA CON NOSOTROS - Hispanica de Limpieza S.A.","og_description":"Es una empresa solvente, avalada por m\u00e1s de 40 a\u00f1os de trayectoria. Creamos y gestionamos equipos profesionales, no s\u00f3lo d\u00e1ndoles una oportunidad de trabajar...","og_url":"https:\/\/www.hispanicadelimpieza.es\/index.php\/trabaja-con-nosotros\/","og_site_name":"Hispanica de Limpieza S.A.","article_modified_time":"2023-03-07T10:48:17+00:00","og_image":[{"url":"http:\/\/www.hispanicadelimpieza.es\/wp-content\/uploads\/2023\/02\/trabaja_cabecero.jpg","type":"","width":"","height":""}],"twitter_card":"summary_large_image","twitter_misc":{"Tiempo de lectura":"1 minuto"},"schema":{"@context":"https:\/\/schema.org","@graph":[{"@type":"WebPage","@id":"https:\/\/www.hispanicadelimpieza.es\/index.php\/trabaja-con-nosotros\/","url":"https:\/\/www.hispanicadelimpieza.es\/index.php\/trabaja-con-nosotros\/","name":"TRABAJA CON NOSOTROS - Hispanica de Limpieza S.A.","isPartOf":{"@id":"https:\/\/www.hispanicadelimpieza.es\/#website"},"primaryImageOfPage":{"@id":"https:\/\/www.hispanicadelimpieza.es\/index.php\/trabaja-con-nosotros\/#primaryimage"},"image":{"@id":"https:\/\/www.hispanicadelimpieza.es\/index.php\/trabaja-con-nosotros\/#primaryimage"},"thumbnailUrl":"http:\/\/www.hispanicadelimpieza.es\/wp-content\/uploads\/2023\/02\/trabaja_cabecero.jpg","datePublished":"2023-02-15T10:20:14+00:00","dateModified":"2023-03-07T10:48:17+00:00","description":"Es una empresa solvente, avalada por m\u00e1s de 40 a\u00f1os de trayectoria. Creamos y gestionamos equipos profesionales, no s\u00f3lo d\u00e1ndoles una oportunidad de trabajar...","breadcrumb":{"@id":"https:\/\/www.hispanicadelimpieza.es\/index.php\/trabaja-con-nosotros\/#breadcrumb"},"inLanguage":"es","potentialAction":[{"@type":"ReadAction","target":["https:\/\/www.hispanicadelimpieza.es\/index.php\/trabaja-con-nosotros\/"]}]},{"@type":"ImageObject","inLanguage":"es","@id":"https:\/\/www.hispanicadelimpieza.es\/index.php\/trabaja-con-nosotros\/#primaryimage","url":"https:\/\/www.hispanicadelimpieza.es\/wp-content\/uploads\/2023\/02\/trabaja_cabecero.jpg","contentUrl":"https:\/\/www.hispanicadelimpieza.es\/wp-content\/uploads\/2023\/02\/trabaja_cabecero.jpg","width":1276,"height":728},{"@type":"BreadcrumbList","@id":"https:\/\/www.hispanicadelimpieza.es\/index.php\/trabaja-con-nosotros\/#breadcrumb","itemListElement":[{"@type":"ListItem","position":1,"name":"Portada","item":"https:\/\/www.hispanicadelimpieza.es\/"},{"@type":"ListItem","position":2,"name":"TRABAJA CON NOSOTROS"}]},{"@type":"WebSite","@id":"https:\/\/www.hispanicadelimpieza.es\/#website","url":"https:\/\/www.hispanicadelimpieza.es\/","name":"Hispanica de Limpieza S.A.","description":"","potentialAction":[{"@type":"SearchAction","target":{"@type":"EntryPoint","urlTemplate":"https:\/\/www.hispanicadelimpieza.es\/?s={search_term_string}"},"query-input":{"@type":"PropertyValueSpecification","valueRequired":true,"valueName":"search_term_string"}}],"inLanguage":"es"}]}},"_links":{"self":[{"href":"https:\/\/www.hispanicadelimpieza.es\/index.php\/wp-json\/wp\/v2\/pages\/26","targetHints":{"allow":["GET"]}}],"collection":[{"href":"https:\/\/www.hispanicadelimpieza.es\/index.php\/wp-json\/wp\/v2\/pages"}],"about":[{"href":"https:\/\/www.hispanicadelimpieza.es\/index.php\/wp-json\/wp\/v2\/types\/page"}],"author":[{"embeddable":true,"href":"https:\/\/www.hispanicadelimpieza.es\/index.php\/wp-json\/wp\/v2\/users\/1"}],"replies":[{"embeddable":true,"href":"https:\/\/www.hispanicadelimpieza.es\/index.php\/wp-json\/wp\/v2\/comments?post=26"}],"version-history":[{"count":0,"href":"https:\/\/www.hispanicadelimpieza.es\/index.php\/wp-json\/wp\/v2\/pages\/26\/revisions"}],"wp:attachment":[{"href":"https:\/\/www.hispanicadelimpieza.es\/index.php\/wp-json\/wp\/v2\/media?parent=26"}],"curies":[{"name":"wp","href":"https:\/\/api.w.org\/{rel}","templated":true}]}}